{"id":2630,"date":"2009-09-12T18:57:50","date_gmt":"2009-09-12T16:57:50","guid":{"rendered":"https:\/\/ramonramon.org\/blog\/?page_id=2630"},"modified":"2020-08-06T12:56:42","modified_gmt":"2020-08-06T10:56:42","slug":"recomendaciones","status":"publish","type":"page","link":"https:\/\/ramonramon.org\/blog\/recomendaciones\/","title":{"rendered":"Recomendaciones"},"content":{"rendered":"<p style=\"text-align: justify;\">Es evidente que la primera recomendaci\u00f3n que debo hacerte es: No uses el Sistema Operativo virus en su totalidad (Windows) y p\u00e1sate a la libertad, a la libertad de usar GNU\/Linux. Hay <a href=\"http:\/\/distrowatch.com\/dwres.php?resource=popularity\">muchas distribuciones<\/a>, a gusto de cada cual.<\/p>\n<p style=\"text-align: justify;\">Este blog est\u00e1 alojado en <a href=\"https:\/\/gestiondecuenta.eu\/aff.php?aff=3761\">Raiola<\/a>, uno de los mejores proveedores de hosting de Espa\u00f1a, con la mejor relaci\u00f3n precio-calidad y lo m\u00e1s importante, con un servicio de atenci\u00f3n al cliente sin parang\u00f3n. Si quieres un hosting o proveedor de alojamiento web, tras probar a muchos, yo lo tengo claro: <a href=\"https:\/\/gestiondecuenta.eu\/aff.php?aff=3761\">Raiola, por su calidad y atenci\u00f3n<\/a>.<\/p>\n<div align=\"center\"><script type=\"text\/javascript\">\/\/ <![CDATA[\n\/* [id46] ramonramon.net *\/ OA_show(46); \/\/ ]]><br \/>\n\/\/ ]]><\/script><noscript><\/noscript><\/div>\n<h1><strong>RECOMENDACIONES PROFESIONALES Y PERSONALES SOBRE MI<\/strong><\/h1>\n<p>Quiero agradecer a todos esos amigos que se han tomado la molestia de recomendarme en el d\u00eda a d\u00eda, y tambi\u00e9n en internet, el que hayan destacado esas virtudes que me achacan, y se hayan tomado la molestia de opinar sobre m\u00ed en <a href=\"http:\/\/www.linkedin.com\/in\/ramonramon\" target=\"_blank\" rel=\"noopener noreferrer\">mi perfil profesional de LinkedIn<\/a>: No s\u00e9 si estar\u00e1 feo o no hablar de uno mismo en su blog, tampoco del autobombo, pero desde luego es de estar muy orgulloso leer palabras y declaraciones como estas sobre mi, y&#8230; lo siento, pero siento tanta emoci\u00f3n-agradecimiento-autorealizaci\u00f3n-plenitud-&#8230;. que las pego aqu\u00ed:<br \/>\nRecomendaciones de Ram\u00f3n<\/p>\n<p>\u201cRam\u00f3n Ram\u00f3n es una profesional de las TIC muy conocido en el \u00e1mbito del Software Libre en Espa\u00f1a y Latinoam\u00e9rica. Su presencia en la comunidad como dinamizador y divulgador es amplia y ha participado en la organizaci\u00f3n de eventos de car\u00e1cter nacional e internacional. Conocedor del desarrollo del SL en Espa\u00f1a, se ha ocupado de diversas actividades de car\u00e1cter t\u00e9cnico de gran calado. Citamos como la m\u00e1s reciente los planes de migraciones en diversos municipios de Andaluc\u00eda. Ha sido un placer colaborar con \u00e9l cuando nos lo ha solicitado y siempre ha estado a disposici\u00f3n de cualquiera que haya solictado su asesoramiento.\u201d 3 de diciembre de 2009<\/p>\n<p>Rodrigo Trujillo Gonz\u00e1lez , Chairman of Free Software Bureau (Oficina de Software Libre) , Universidad de La Laguna<\/p>\n<p>\u201cVengo trabajando con Ram\u00f3n en diferentes eventos que tienen que ver con la Comunidad del Software libre, as\u00ed como tambi\u00e9n temas de voluntariado y puedo asegurar que la experiencia ha sido siempre positiva, generando sinergias y como no proyectos de futuro. Una persona accesible, con gran talento y una capacidad de liderazgo digna de envidiar.\u201d 23 de noviembre de 2009<\/p>\n<p>Daniel Armend\u00e1riz , Presidente , ASOLIF<br \/>\n\u201cRamon is an enthusiastic leader, he manages to get the best of the breed involved in his projects with ease and happiness. He has developed a good level of computer related technical skills by interacting with gurus and learning from them. It should be noted his strong belief in everything open, from open source, where he started to open content and open knowledge, and he knows how to share and disseminate those concepts.\u201d 12 de julio de 2009<br \/>\nVictoriano Giralt, Systems Manager, University of Malaga<\/p>\n<p>\u201cRam\u00f3n is a really enthusiastic and committed evangelist of open source projects and a person with great abilities in \u00abbuilding community\u00bb, both through personally collaborating and encouraging others to collaborate\u201d 23 de noviembre de 2009<\/p>\n<p>Diego R. Lopez , Middleware Coordinator , RedIRIS<\/p>\n<p>\u201cRam\u00f3n es una persona con gran capacidad t\u00e9cnica y experiencia, tanto en el aspecto propiamente tecnol\u00f3gico, como en el de relaciones con responsables p\u00fablicos, siendo un profesional de confianza tanto para responsables no expertos en tecnolog\u00edas, como para responsables especializados. Adem\u00e1s el desarrollo de numerosas actividades de car\u00e1cter voluntario y altruistas, relacionadas con las labores de difusi\u00f3n y dinamizaci\u00f3n de la comunidad de software libre y del conocimiento libre le hacen disponer de un gran prestigio fundamentado en su propia seriedad y capacidad. Es uno de esos profesionales en los que tendr\u00eda plena confianza para encargarle tanto labores de alto nivel t\u00e9cnico, como actuaciones de car\u00e1cter estrat\u00e9gico que requieran la difusi\u00f3n y la comprensi\u00f3n entre comunidades expertas y no expertas en materias tecnol\u00f3gicas. Teniendo adem\u00e1s una gran capacidad para la direcci\u00f3n de equipos profesionales, como atestiguan su permanentes \u00e9xitos en los proyectos iniciados, contando con la confianza plena de sus equipos.\u201d 5 de julio de 2009 Sus mejores cualidades: Grandes resultados, De f\u00e1cil trato, Experto<br \/>\nCarlos Castro ha contratado a Ram\u00f3n como Asesor de tecnolog\u00eda de la informaci\u00f3n el 2004, y ha contratado a Ram\u00f3n m\u00e1s de una vez<\/p>\n<p>\u201cI had the opportunity to participate in the e-verano 2007 event in Sevilla and was impressed by Ramon&#8217;s organizational skills and media outreach. Ramon succeeded in organizing a successful two week event including daily conferences, workshops, dozains of speakers and press coverage on a shoo string budget.\u201d 6 de septiembre de 2007<\/p>\n<p>Pascal Chevrel, Web site localization manager and community manager (southern Europe), Mozilla<br \/>\n\u201cRamon es una persona incansable, apasionada y lider que hace que su trabajo sea eficiente y productivo. El estara donde sea que se le necesite y tiene una vision puntual de lo que quiere. No puedo recomendar mejor a Ramon.\u201d 2 de julio de 2009<br \/>\nAlexandro Colorado, Spanish Community Manager, OpenOffice.org<\/p>\n<p>\u201cConozco a Ram\u00f3n Ram\u00f3n desde hace varios a\u00f1os y reconozco su experiencia y capacidad para liderar proyectos, equipos y personas en grandes proyectos de tecnolog\u00edas de la informaci\u00f3n para las administraciones p\u00fablicas, as\u00ed como para proporcionar asesoramiento de alto nivel en dichas tecnolog\u00edas a organizaciones complejas. En sus proyectos y actuaciones pone de manifiesto su elevada capacidad de comunicaci\u00f3n y de negociaci\u00f3n. I know Ram\u00f3n Ram\u00f3n for some years and I recognise his experience and capacity to lead projects, equipment and people in large information technology projects for civil services (public administrations), as well as to provide high level advice about those technologies to complex organisations. He displays his high capacity of communication and negotiation in his projects and activities.\u201d 25 de noviembre de 2009<\/p>\n<p>Miguel Amutio , Jefe de Area de Planificaci\u00f3n y Explotaci\u00f3n , Ministerio de la Presidencia<br \/>\n\u201cRam\u00f3n es una persona con una habilidad fuera de lo com\u00fan para coordinar equipos grandes y organizarlos en contextos de mucha presi\u00f3n y de necesidades acuciantes. Conozco pocas personas con una habilidad tan desarrollada para motivar a los que le rodean como a \u00e9l.\u201d 4 de julio de 2009<br \/>\nDavid Santo Orcero, Coach and consultant, Sole Proprietorship<\/p>\n<p>\u201cRam\u00f3n es un gran profesional capaz de integrar y coordinar un equipo de trabajo multidisciplinar con un gran numero de personas. Tiene una clara vocaci\u00f3n social y consigue aglutinar en torno a los proyectos que promueve un gran n\u00famero de personas que confian en su gesti\u00f3n y en su filosof\u00eda de trabajo. Es un gran defensor a nivel nacional del software libre.\u201d 4 de julio de 2009<br \/>\nJoaquin Montero, Delegado de Desarrollo Local e Innvoaci\u00f3n, Ayuntamiento de Paradas<\/p>\n<p>\u201cRam\u00f3n es un entusiasta de su trabajo, muy activo y con gran sensibilidad para detectar necesidades sociales.\u201d 3 de julio de 2009 M\u00e1ximo Mart\u00edn, Director General, Fundacion I+D del Software Libre estaba con otra empresa cuando trabaj\u00f3 con Ram\u00f3n en CSYD &#8211; Centro de Innovaci\u00f3n, Soporte y Desarrollo para proyectos de migraci\u00f3n a Software Libre<br \/>\n\u201cEl compromiso y la capacidad de generar empat\u00eda de Ram\u00f3n son una garant\u00eda para cualquier proyecto. Alguien que se implica tanto y que aplica las EMOCIONES a su trabajo es el mejor candidato como socio y como amigo.\u201d 2 de julio de 2009<br \/>\nFernando Marina, Jefe del Servicio de Inform\u00e1tica, Diputacion de M\u00e1laga<\/p>\n<p>\u201cRamon es un gran profesional del Software Libre y adem\u00e1s de una gran persona honrada en la que se puede confiar.\u201d 2 de julio de 2009 Sus mejores cualidades: Grandes resultados, Experto, Gran integridad<br \/>\nGuillermo Garcia Molina ha contratado a Ram\u00f3n como Asesor de tecnolog\u00eda de la informaci\u00f3n el 2004<\/p>\n<p>\u201cUna de las cosas que mejor definen a Ram\u00f3n,, es que es una persona muy vitalista e incansable trabajador, un buen profesional, con grandes dotes de organizaci\u00f3n con el que da gusto trabajar. Conoce perfectamente el mundo del Software Libre y es un entusiasta defensor del mismo, por lo que en cualquier trabajo relacionado con el Software Libre unir\u00e1 trabajo y pasi\u00f3n.\u201d 17 de julio de 2009<br \/>\nFernando Acero Martin , Jefe de Negociado , Ministerio de Defensa Espa\u00f1a \/ Ej\u00e9rcito del Aire<\/p>\n<p>\u201cRam\u00f3n Ram\u00f3n is one of the key people on the Spanish market able to mobilize communities so as to organize large scale open source events. Hard worker and trustworthy, I would recommend him for any work requiring organizational skills and communication with medias.\u201d 2 de julio de 2009<br \/>\nPascal Chevrel, Web site localization manager and community manager (southern Europe), Mozilla<\/p>\n<p>\u201cRam\u00f3n es una de las personas con m\u00e1s capacidad para gesti\u00f3n de personas que jam\u00e1s he conocido. Motivador, creativo, con una elevad\u00edsima capacidad de delegaci\u00f3n y un notable ejercicio continuo de reconocimiento al trabajo y esfuerzo ajeno. Considero realmente valiosa su habilidad para encontrar soluciones a problemas poniendo en valor, durante el proceso, las aportaciones de todos los que se ven implicados. Su sinceridad, honestidad e implicaci\u00f3n absoluta en el trabajo son incuestionables.\u201d 2 de julio de 2009 Sus mejores cualidades: Grandes resultados, De f\u00e1cil trato, Gran integridad<br \/>\nImelda Rodr\u00edguez ha contratado a Ram\u00f3n como Asesor de tecnolog\u00eda de la informaci\u00f3n el 2008<br \/>\n\u201cEl trabajo que Ram\u00f3n Ram\u00f3n ha colaborado en un gran n\u00famero de proyectos, obteniendo en todos ellos un resultado exitoso. Los logros obtenidos a trav\u00e9s de la estrecha colaboraci\u00f3n han supuesto una mejora en las pol\u00edticas regionales en materia de Sociedad de la Informaci\u00f3n y en el despliegue e implantaci\u00f3n efectiva del Software Libre en Extremadura. Las tareas desarrolladas por el Centro de Innovaci\u00f3n, Soporte y Desarrollo para proyectos de migraci\u00f3n a Software Libre han sido valoradas en alto grado, teniendo presente en todo momento las recomendaciones que Ram\u00f3n Ram\u00f3n ha indicado.\u201d 3 de julio de 2009<br \/>\nJesus Rodriguez Jimenez, Project Manager, FUNDECYT-Junta de Extremadura<\/p>\n<p>\u201cRam\u00f3n has a great entrepreneur spirit, either working alone alone or leading a team, I find his attitude positive and I am sure his strength will lead to successful projects. Nice \u00abtapas\u00bb colleague by the way.\u201d 7 de julio de 2009<br \/>\nAntonio Osorio Albaladejo, Partner, Private Investor, Visual Finder<\/p>\n<p>\u201cDe Ram\u00f3n destacar\u00eda&#8230; &#8211; Como director de proyectos, posee una visi\u00f3n de conjunto y seguimiento particular a las tareas asignadas, envidiables. &#8211; Capacidad innata y experiencia en relaciones institucionales y protocolo. &#8211; Entrega y dedicaci\u00f3n abnegada a causas sociales a las que dedica todo su tiempo libre.\u201d 3 de julio de 2009<br \/>\nToni Rivera, Responsable relaciones administraci\u00f3n, CSYD<\/p>\n<p>\u201cRam\u00f3n Ram\u00f3n can lead an army of collaborators, coordinate the most diverse tasks, on a shoestring budget, while meeting impossible deadlines. One awesome Project Manager.\u201d 6 de julio de 2009<br \/>\nJorge Cortell Albert, CEO and President, Kanteron Systems<\/p>\n<p>\u201cHe colaborado con Ram\u00f3n en alguna iniciativa de focus de la que el era la persona responsable . Como caracter\u00edsitcas claves de Ram\u00f3n destacaria su capacidad de organizacion y liderazgo y su entrega en los proyectos en lo que trabaja \/ colabora . Es capaz de transmitir la ilusion en el proyecto a todo el equipo , consiguiendo asi que el equipo se involucre con la misma intensidad y haciendo sentir a los mismos que son parte importante de \u00e9l .\u201d 6 de julio de 2009<br \/>\nAndrea Lapique, Consultor de sistemas, Matchmind<\/p>\n<p>\u201cTrabajador incansable, destaca especialmente por su capacidad de liderazgo. Posee una gran habilidad para la coordinaci\u00f3n de equipos y de proyectos. Decidida implicaci\u00f3n con el software libre, tanto profesional como personalmente.\u201d 2 de julio de 2009<br \/>\nAlberto Caso, CEO, Adaptia<\/p>\n<p>\u201cIf you&#8217;re looking for an enthusiast of Open Source and Free Technologies you have to talk to Ram\u00f3n. He also has a huge capacity to organizing events and manage people. His work is demonstrating everyday that people could work better with Open Source Software (FLOSS).\u201d 2 de julio de 2009<\/p>\n<p>Carlos Alocen, OpenSource Consultant, Ayuntamiento de Zaragoza<br \/>\n\u201cRam\u00f3n Ram\u00f3n es una gran persona, con gran capacidad de comunicaci\u00f3n y un encanto que son su marca personal ;)&#8230; y no pongo m\u00e1s cosas buenas de \u00e9l porque no tengo tiempo, pero ya seguir\u00e9 ;)&#8230;\u201d 13 de julio de 2009<br \/>\nLuis Gonzalo Aller Arias, Primus inter Pares, Fot\u00f3n Sistemas Inteligentes, S.L.<\/p>\n<p>\u201cRam\u00f3n no es solo uno de los profesionales m\u00e1s dedicados y entusiastas que conozco, adem\u00e1s es un especialista de primer nivel en desarrollo y direcci\u00f3n de proyectos dentro del contexto del Software Libre. Uno de sus principales valores es su capacidad de contagiar esa entrega que le caracteriza a los equipos que dirige, consiguiendo sacar de estos el m\u00e1ximo rendimiento. Desde mi modesto punto de vista podemos atribuir a Ram\u00f3n los calificativos de profesional, capaz, lider, entregado, motivador, leal, fiel, apasionado, y sobre todo es el mejor defensor de sus compa\u00f1eros y amigos.\u201d 19 de julio de 2009<\/p>\n<p>Carlos de Mesa Mansilla , Programador. , UNED M\u00e1laga<\/p>\n<p>\u201cLa capacidad de Ram\u00f3n para dirigir proyectos, organizar equipos y conseguir objetivos es simplemente impresionante. Siempre que tenga una oportunidad de volver a contar con el, ser\u00e1 mi primera opci\u00f3n. Y por \u00faltmo y no menos importante al menos para mi empresa y nuestros proyectos: es uno de los mejores especialistas en software libre que conozco.\u201d 13 de agosto de 2009<\/p>\n<p>Juantom\u00e1s Garc\u00eda Molina , Board Member , FON<\/p>\n<p>\u201cRamon is an excellent professional dedicated to promote free software in Spain. We worked together in the last WhyFLOSS and her introduction about public administration showed the impact and the big opportunities of the free software. Very recommended.\u201d 14 de septiembre de 2009<\/p>\n<p>Alejandro S\u00e1nchez Acosta , Business Development Manager , Neurowork<\/p>\n<p>\u201cRam\u00f3n es un excelente profesional en el campo de las TIC y del software libre, que muestra una gran pasi\u00f3n y responsabilidad por los proyectos que desarrolla y que cuenta con enormes habilidades para el trabajo en equipo y la dinamizaci\u00f3n de personas.\u201d 27 de diciembre de 2009<\/p>\n<p>Alfonso Alc\u00e1ntara , T\u00e9cnico de Empleo , Junta de Andalucia- Servicio Andaluz de Empleo<\/p>\n<p>\u201cRam\u00f3n is a great proffesional on several areas, but i must focus in his efforts and experience in open knowledgement (or free, like Ramon says..). Also he is an excellent IT Manager, providing best practices on migration process (open source based) and Change Management.\u201d 20 de julio de 2009<\/p>\n<p>Rafael Pastor , Innovation Manager , UNED<\/p>\n<p>\u201cRam\u00f3n Ram\u00f3n es un profesional comprometido con la tecnolog\u00eda que ayuda a implantar, el software libre, proporcionando un conocimiento experto acumulado por a\u00f1os de experiencia. Es experto en migraciones a software libre especialmente en el \u00e1rea de las administraciones p\u00fablicas.\u201d 23 de noviembre de 2009<\/p>\n<p>Sus mejores cualidades: Experto , Gran integridad , Creativo<\/p>\n<p>Manuel Velardo<\/p>\n<p>\u201cHe trabajado con Ram\u00f3n durante 1 a\u00f1o y medio. De \u00e9l destacar\u00eda su capacidad de trabajo, su preocupaci\u00f3n por los dem\u00e1s en el entorno laboral y su cercan\u00eda.. Su enorme experiencia avalada por la facilidad innata en la gesti\u00f3n de equipos humanos y su visi\u00f3n a la hora de llevar a cabo procesos de negociaci\u00f3n.\u201d 23 de noviembre de 2009<\/p>\n<p>Fernando Toro , Estudiante , Universidad de Granada<\/p>\n<p>\u201cRam\u00f3n es una persona comprometida con el trabajo bien hecho. Lo considero un profesional del Software Libre, tanto en la transferencia y conocimiento de aplicaciones libres hacia empresas como hacia la sociedad en general.\u201d 25 de noviembre de 2009<\/p>\n<p>Daniel S\u00e1ez , Innovation Manager , Instituto Tecnol\u00f3gico de Inform\u00e1tica<\/p>\n<p>Gracias, muchas gracias a todos y todas, por estar siempre ah\u00ed, y por opinar tambi\u00e9n de m\u00ed. Un fuerte y sincero abrazo<\/p>\n<p>El autor de este blog apoya el movimiento del devolucionismo \u00abSeg\u00fan la tradici\u00f3n jur\u00eddica continental una idea no es patentable ni genera derechos de autor, las ideas pertenecen por definici\u00f3n al dominio p\u00fablico. Cuando la idea se materializa en un procedimiento se convierte en patentable, si lo hace en obra literaria, art\u00edstica o cient\u00edfica autom\u00e1ticamente pasa a estar protegida por derechos de autor, sin necesidad siquiera de registro. Es decir cuando la idea se materializa aparece la protecci\u00f3n brindada por la propiedad intelectual y el proceso creativo sale del procom\u00fan social. Por esto, cuando por cumplir el plazo legal establecido o por decisi\u00f3n del autor, la obra se reincorpora a al dominio p\u00fablico se habla de su devoluci\u00f3n al dominio p\u00fablico.\u00bb<\/p>\n","protected":false},"excerpt":{"rendered":"<p>Es evidente que la primera recomendaci\u00f3n que debo hacerte es: No uses el Sistema Operativo virus en su totalidad (Windows) y p\u00e1sate a la libertad, a la libertad de usar GNU\/Linux. Hay muchas distribuciones, a gusto de cada cual. Este blog est\u00e1 alojado en Raiola, uno de los mejores proveedores de hosting de Espa\u00f1a, con&hellip;&nbsp;<a href=\"https:\/\/ramonramon.org\/blog\/recomendaciones\/\" rel=\"bookmark\">Leer m\u00e1s &raquo;<span class=\"screen-reader-text\">Recomendaciones<\/span><\/a><\/p>\n","protected":false},"author":2070,"featured_media":0,"parent":0,"menu_order":0,"comment_status":"closed","ping_status":"open","template":"","meta":{"neve_meta_sidebar":"","neve_meta_container":"","neve_meta_enable_content_width":"","neve_meta_content_width":0,"neve_meta_title_alignment":"","neve_meta_author_avatar":"","neve_post_elements_order":"","neve_meta_disable_header":"","neve_meta_disable_footer":"","neve_meta_disable_title":"","footnotes":""},"class_list":["post-2630","page","type-page","status-publish","hentry"],"aioseo_notices":[],"_links":{"self":[{"href":"https:\/\/ramonramon.org\/blog\/wp-json\/wp\/v2\/pages\/2630","targetHints":{"allow":["GET"]}}],"collection":[{"href":"https:\/\/ramonramon.org\/blog\/wp-json\/wp\/v2\/pages"}],"about":[{"href":"https:\/\/ramonramon.org\/blog\/wp-json\/wp\/v2\/types\/page"}],"author":[{"embeddable":true,"href":"https:\/\/ramonramon.org\/blog\/wp-json\/wp\/v2\/users\/2070"}],"replies":[{"embeddable":true,"href":"https:\/\/ramonramon.org\/blog\/wp-json\/wp\/v2\/comments?post=2630"}],"version-history":[{"count":0,"href":"https:\/\/ramonramon.org\/blog\/wp-json\/wp\/v2\/pages\/2630\/revisions"}],"wp:attachment":[{"href":"https:\/\/ramonramon.org\/blog\/wp-json\/wp\/v2\/media?parent=2630"}],"curies":[{"name":"wp","href":"https:\/\/api.w.org\/{rel}","templated":true}]}}